{"id":4911,"date":"2024-10-09T22:43:40","date_gmt":"2024-10-09T22:43:40","guid":{"rendered":"https:\/\/www.rteebw.com\/?page_id=510"},"modified":"2026-02-27T14:41:02","modified_gmt":"2026-02-27T14:41:02","slug":"about","status":"publish","type":"page","link":"https:\/\/www.rteebw.com\/?page_id=4911","title":{"rendered":"About"},"content":{"rendered":"<div class=\"wpb-content-wrapper\"><p>[vc_section][vc_row][vc_column]<style type=\"text\/css\">#ut_custom_heading6a01f9ada67ec { font-size:150px !important;line-height:130% !important;letter-spacing:-0.03em; }#ut_custom_heading6a01f9ada67ec { text-align:center; }@media (min-width: 768px) and (max-width: 1024px) { #ut_custom_heading6a01f9ada67ec { text-align:center; } }@media (max-width: 767px) { #ut_custom_heading6a01f9ada67ec { text-align:center; } }<\/style><h1 id=\"ut_custom_heading6a01f9ada67ec\" data-responsive-font=\"h1\" data-responsive-font-settings=\"{&quot;base-font-size&quot;:&quot;150&quot;,&quot;font-size-unit&quot;:&quot;px&quot;,&quot;font-size&quot;:{&quot;desktop_large&quot;:&quot;150&quot;},&quot;base-line-height&quot;:&quot;global&quot;,&quot;line-height&quot;:{&quot;desktop_large&quot;:&quot;130&quot;},&quot;base-letter-spacing&quot;:&quot;global&quot;,&quot;letter-spacing&quot;:{&quot;desktop_large&quot;:&quot;-0.03&quot;}}\" class=\"ut-custom-heading-module  \" data-appear-effect=\"effect-1\" data-appear-top-offset=\"full\"><span class=\"\" >About him !<\/span><\/h1><div id=\"ut_si_6a01f9adaef58\" class=\"ut-skewed-image-border \"><div class=\"ut-skewed-image-border-slice\"><img decoding=\"async\" class=\"ut-lazy\" src=\"data:image\/svg+xml;charset=utf-8,%3Csvg xmlns%3D'http%3A%2F%2Fwww.w3.org%2F2000%2Fsvg' viewBox%3D'0 0 1600 900'%2F%3E\" data-src=\"https:\/\/www.rteebw.com\/wp-content\/uploads\/2026\/02\/Capture-decran-2026-02-26-a-16.32.59-1600x900.png\"><\/div><\/div>[\/vc_column][\/vc_row][vc_row content_placement=\u00a0\u00bbmiddle\u00a0\u00bb][vc_column glitch_transparent=\u00a0\u00bbon\u00a0\u00bb add_box_shadow=\u00a0\u00bbtrue\u00a0\u00bb cursor_skin=\u00a0\u00bbut_id_60522187ad7cf\u00a0\u00bb background_position=\u00a0\u00bbcenter top\u00a0\u00bb][vc_column_text]R\u00e9alisateur de pub depuis 15 ans, <strong>Thibault Mombellet<\/strong> \u00e9crit et r\u00e9alise une dizaine de court-m\u00e9trages prim\u00e9s en festivals et diffus\u00e9s en TV (OCS, Canal +,\u2026). Son dernier, <b>L\u2019Anniversaire<\/b>, fait partie des finalistes du <i>Nikon Film Festival<\/i> en 2024, mais aussi en comp\u00e9tition au <i>Festival du Film de Com\u00e9die de Li\u00e8ge<\/i> et au <i>Festival International de Tr\u00e8s Courts<\/i> en 2025. Il continue sa vie en festival totalisant une petite centaine de s\u00e9lections et quelques distinctions.<\/p>\n<p>Cot\u00e9 d\u00e9veloppement, il est Laur\u00e9at du fond web-s\u00e9rie SACD-FRANCE TV en 2018 (suivi d\u2019une convention d\u2019\u00e9criture avec France TV Slash). Il d\u00e9croche ensuite le Fonds d&rsquo;Aide \u00e0 l&rsquo;Innovation Audiovisuel du CNC \u00e0 trois reprises pour diff\u00e9rents projets de s\u00e9rie (concept, \u00e9criture et r\u00e9-\u00e9criture). Il participe r\u00e9guli\u00e8rement \u00e0 des r\u00e9sidences d\u2019\u00e9criture : \u00a0l\u2019Atelier S\u00e9rie d\u2019\u00c9mergence (Consultants : Nicolas Peufaillit &amp; Charlotte Samson), Valence Sc\u00e9nario (Eli Abecera &amp; Antoine Cupial), le Groupe Ouest (Puissance et \u00e2me long m\u00e9trage (Magalie Negroni &amp; Christophe Lemoine), la pr\u00e9-\u00e9criture des s\u00e9ries avec Arte (Mehdi Ouhab &amp; Christophe Lemoine), Sofilm &#8211; S\u00e9rie de genre (Judith Godinot &amp; Thibault Valletout), l&rsquo;Esth\u00e9tique de la r\u00e9ception (Vincent Robert), la r\u00e9sidence du Festival de la Fiction TV de La Rochelle (Olivier Ciechelski).<\/p>\n<p>Il travaille actuellement \u00e0 la cr\u00e9ation d\u2019une s\u00e9rie de com\u00e9die en 8&#215;30 minutes et d&rsquo;une com\u00e9die romantique avec la soci\u00e9t\u00e9 de production <b>Son et Lumi\u00e8re <\/b><i>(Engrenages) <\/i>et une com\u00e9die avec la soci\u00e9t\u00e9 <strong>Qui Vive !<\/strong>[\/vc_column_text][\/vc_column][\/vc_row][\/vc_section][vc_section][vc_row][vc_column]<style type=\"text\/css\">#ut_custom_heading6a01f9adafc6c { font-size:12px !important;line-height:130% !important; }#ut_custom_heading6a01f9adafc6c { text-align:center; }@media (min-width: 768px) and (max-width: 1024px) { #ut_custom_heading6a01f9adafc6c { text-align:center; } }@media (max-width: 767px) { #ut_custom_heading6a01f9adafc6c { text-align:center; } }<\/style><h6 id=\"ut_custom_heading6a01f9adafc6c\" data-responsive-font=\"h6\" data-responsive-font-settings=\"{&quot;base-font-size&quot;:&quot;global&quot;,&quot;font-size&quot;:{&quot;desktop_large&quot;:&quot;12&quot;},&quot;base-line-height&quot;:&quot;global&quot;,&quot;line-height&quot;:{&quot;desktop_large&quot;:&quot;130&quot;},&quot;base-letter-spacing&quot;:&quot;global&quot;}\" class=\"ut-custom-heading-module  ut-animate-element animated ut-no-animation-tablet ut-no-animation-mobile \" data-effect=\"fadeIn\" data-animateonce=\"yes\" data-delay=\"0\"><span class=\"\" >Clients he&rsquo;s worked with:<\/span><\/h6>[vc_row_inner equal_height=\u00a0\u00bbyes\u00a0\u00bb content_placement=\u00a0\u00bbmiddle\u00a0\u00bb gap=\u00a0\u00bb40&Prime;][vc_column_inner width=\u00a0\u00bb1\/4&Prime; delay=\u00a0\u00bbtrue\u00a0\u00bb css=\u00a0\u00bb.vc_custom_1728452142113{background-color: #191c20 !important;border-radius: 20px !important;}\u00a0\u00bb effect=\u00a0\u00bbfadeIn\u00a0\u00bb delay_timer=\u00a0\u00bb100&Prime; offset=\u00a0\u00bbvc_col-lg-3 vc_col-md-3 vc_col-sm-6 vc_col-xs-12&Prime;]<div  class=\"wpb_content_element   clearfix\"><style type=\"text\/css\">#ut_am_6a01f9adb05c2 { opacity: 1; }#ut_am_wrap_6a01f9adb05c3 .ut-image-gallery-item-caption-title h3 { letter-spacing: 0em; }#ut_am_wrap_6a01f9adb05c3 .ut-gallery-slider-caption { font-weight: bold; }#ut_am_wrap_6a01f9adb05c3 { text-align: left; }@media (min-width: 768px) and (max-width: 1024px) { #ut_am_wrap_6a01f9adb05c3 { text-align: left !important; } }@media (max-width: 767px) { #ut_am_wrap_6a01f9adb05c3 { text-align: center !important; } }<\/style><div id=\"ut_am_wrap_6a01f9adb05c3\" class=\"ut-image-gallery-image \"><div id=\"ut_reveal_6a01f9adb05c5\"  data-appear-top-offset=\"auto\" class=\"ut-animated-image-item ut-image-gallery-item ut-animation-done \"><a class=\"ut-deactivated-link\" href=\"#\"><div class=\"ut-animated-image-zoom\"><img loading=\"lazy\" decoding=\"async\" class=\"ut-lazy skip-lazy ut-animated-image \"  id=\"ut_am_6a01f9adb05c2\" src=\"data:image\/svg+xml;charset=utf-8,%3Csvg xmlns%3D'http%3A%2F%2Fwww.w3.org%2F2000%2Fsvg' viewBox%3D'0 0 1300 867'%2F%3E\" data-src=\"https:\/\/www.rteebw.com\/wp-content\/uploads\/2026\/02\/Paris_Saint-Germain_Logo.svg.png\" width=\"1300\" height=\"867\" alt=\"\"\/><\/div><\/a><\/div><\/div><\/div>[\/vc_column_inner][vc_column_inner width=\u00a0\u00bb1\/4&Prime; delay=\u00a0\u00bbtrue\u00a0\u00bb css=\u00a0\u00bb.vc_custom_1728452093818{background-color: #191c20 !important;border-radius: 20px !important;}\u00a0\u00bb effect=\u00a0\u00bbfadeIn\u00a0\u00bb delay_timer=\u00a0\u00bb200&Prime; offset=\u00a0\u00bbvc_col-lg-3 vc_col-md-3 vc_col-sm-6 vc_col-xs-12&Prime;][\/vc_column_inner][vc_column_inner width=\u00a0\u00bb1\/4&Prime; delay=\u00a0\u00bbtrue\u00a0\u00bb css=\u00a0\u00bb.vc_custom_1728452106190{background-color: #191c20 !important;border-radius: 20px !important;}\u00a0\u00bb effect=\u00a0\u00bbfadeIn\u00a0\u00bb delay_timer=\u00a0\u00bb300&Prime; offset=\u00a0\u00bbvc_col-lg-3 vc_col-md-3 vc_col-sm-6 vc_col-xs-12&Prime;][\/vc_column_inner][vc_column_inner width=\u00a0\u00bb1\/4&Prime; delay=\u00a0\u00bbtrue\u00a0\u00bb css=\u00a0\u00bb.vc_custom_1728452116105{background-color: #191c20 !important;border-radius: 20px !important;}\u00a0\u00bb effect=\u00a0\u00bbfadeIn\u00a0\u00bb delay_timer=\u00a0\u00bb400&Prime; offset=\u00a0\u00bbvc_col-lg-3 vc_col-md-3 vc_col-sm-6 vc_col-xs-12&Prime;][\/vc_column_inner][\/vc_row_inner][vc_row_inner equal_height=\u00a0\u00bbyes\u00a0\u00bb content_placement=\u00a0\u00bbmiddle\u00a0\u00bb gap=\u00a0\u00bb40&Prime; css=\u00a0\u00bb.vc_custom_1727157423441{margin-top: 0px !important;padding-top: 0px !important;}\u00a0\u00bb][vc_column_inner width=\u00a0\u00bb1\/4&Prime; delay=\u00a0\u00bbtrue\u00a0\u00bb css=\u00a0\u00bb.vc_custom_1728452157853{background-color: #191c20 !important;border-radius: 20px !important;}\u00a0\u00bb effect=\u00a0\u00bbfadeIn\u00a0\u00bb delay_timer=\u00a0\u00bb100&Prime; offset=\u00a0\u00bbvc_col-lg-3 vc_col-md-3 vc_col-sm-6 vc_col-xs-12&Prime;][\/vc_column_inner][vc_column_inner width=\u00a0\u00bb1\/4&Prime; delay=\u00a0\u00bbtrue\u00a0\u00bb css=\u00a0\u00bb.vc_custom_1728452168408{background-color: #191c20 !important;border-radius: 20px !important;}\u00a0\u00bb effect=\u00a0\u00bbfadeIn\u00a0\u00bb delay_timer=\u00a0\u00bb200&Prime; offset=\u00a0\u00bbvc_col-lg-3 vc_col-md-3 vc_col-sm-6 vc_col-xs-12&Prime;][\/vc_column_inner][vc_column_inner width=\u00a0\u00bb1\/4&Prime; delay=\u00a0\u00bbtrue\u00a0\u00bb css=\u00a0\u00bb.vc_custom_1728452176990{background-color: #191c20 !important;border-radius: 20px !important;}\u00a0\u00bb effect=\u00a0\u00bbfadeIn\u00a0\u00bb delay_timer=\u00a0\u00bb300&Prime; offset=\u00a0\u00bbvc_col-lg-3 vc_col-md-3 vc_col-sm-6 vc_col-xs-12&Prime;][\/vc_column_inner][vc_column_inner width=\u00a0\u00bb1\/4&Prime; delay=\u00a0\u00bbtrue\u00a0\u00bb css=\u00a0\u00bb.vc_custom_1728452185132{background-color: #191c20 !important;border-radius: 20px !important;}\u00a0\u00bb effect=\u00a0\u00bbfadeIn\u00a0\u00bb delay_timer=\u00a0\u00bb400&Prime; offset=\u00a0\u00bbvc_col-lg-3 vc_col-md-3 vc_col-sm-6 vc_col-xs-12&Prime;][\/vc_column_inner][\/vc_row_inner][\/vc_column][\/vc_row][\/vc_section]<\/p>\n<\/div>","protected":false},"excerpt":{"rendered":"<p>[vc_section][vc_row][vc_column][\/vc_column][\/vc_row][vc_row content_placement=\u00a0\u00bbmiddle\u00a0\u00bb][vc_column glitch_transparent=\u00a0\u00bbon\u00a0\u00bb add_box_shadow=\u00a0\u00bbtrue\u00a0\u00bb cursor_skin=\u00a0\u00bbut_id_60522187ad7cf\u00a0\u00bb background_position=\u00a0\u00bbcenter top\u00a0\u00bb][vc_column_text]R\u00e9alisateur de pub depuis 15 ans, Thibault Mombellet \u00e9crit et r\u00e9alise une dizaine de court-m\u00e9trages prim\u00e9s en festivals et diffus\u00e9s en TV (OCS, Canal +,\u2026). Son dernier, L\u2019Anniversaire, fait partie des finalistes du Nikon Film Festival en 2024, mais aussi en comp\u00e9tition au Festival du Film de Com\u00e9die de [&hellip;]<\/p>\n","protected":false},"author":1,"featured_media":0,"parent":0,"menu_order":0,"comment_status":"closed","ping_status":"closed","template":"","meta":{"footnotes":""},"class_list":["post-4911","page","type-page","status-publish","hentry"],"_links":{"self":[{"href":"https:\/\/www.rteebw.com\/index.php?rest_route=\/wp\/v2\/pages\/4911","targetHints":{"allow":["GET"]}}],"collection":[{"href":"https:\/\/www.rteebw.com\/index.php?rest_route=\/wp\/v2\/pages"}],"about":[{"href":"https:\/\/www.rteebw.com\/index.php?rest_route=\/wp\/v2\/types\/page"}],"author":[{"embeddable":true,"href":"https:\/\/www.rteebw.com\/index.php?rest_route=\/wp\/v2\/users\/1"}],"replies":[{"embeddable":true,"href":"https:\/\/www.rteebw.com\/index.php?rest_route=%2Fwp%2Fv2%2Fcomments&post=4911"}],"version-history":[{"count":10,"href":"https:\/\/www.rteebw.com\/index.php?rest_route=\/wp\/v2\/pages\/4911\/revisions"}],"predecessor-version":[{"id":5013,"href":"https:\/\/www.rteebw.com\/index.php?rest_route=\/wp\/v2\/pages\/4911\/revisions\/5013"}],"wp:attachment":[{"href":"https:\/\/www.rteebw.com\/index.php?rest_route=%2Fwp%2Fv2%2Fmedia&parent=4911"}],"curies":[{"name":"wp","href":"https:\/\/api.w.org\/{rel}","templated":true}]}}